{"id":34481,"date":"2025-11-14T10:19:37","date_gmt":"2025-11-14T09:19:37","guid":{"rendered":"https:\/\/about.skaping.com\/?page_id=34481"},"modified":"2025-11-14T10:54:11","modified_gmt":"2025-11-14T09:54:11","slug":"legal-notices","status":"publish","type":"page","link":"https:\/\/about.skaping.com\/en\/legal-notices\/","title":{"rendered":"Mentions l\u00e9gales"},"content":{"rendered":"<section class=\"l-section wpb_row height_huge color_primary with_img parallax_hor bgwidth_130\"><div class=\"l-section-img\" role=\"img\" aria-label=\"Image\" data-img-width=\"1900\" data-img-height=\"335\" style=\"background-image: url(https:\/\/about.skaping.com\/wp-content\/uploads\/2024\/08\/HEADER-2024_montreal.jpg);\"><\/div><div class=\"l-section-h i-cf\"><div class=\"g-cols vc_row via_flex valign_middle type_default stacking_default\"><div class=\"vc_col-sm-12 wpb_column vc_column_container\"><div class=\"vc_column-inner\"><div class=\"wpb_wrapper\"><div class=\"wpb_text_column\"><div class=\"wpb_wrapper\"><h1 style=\"text-align: center;\">Legal notices<\/h1>\n<\/div><\/div><\/div><\/div><\/div><\/div><\/div><\/section><section class=\"l-section wpb_row height_auto\"><div class=\"l-section-h i-cf\"><div class=\"g-cols vc_row via_flex valign_top type_default stacking_default\"><div class=\"vc_col-sm-12 wpb_column vc_column_container\"><div class=\"vc_column-inner\"><div class=\"wpb_wrapper\"><div class=\"w-separator size_large\"><\/div><div class=\"wpb_text_column\"><div class=\"wpb_wrapper\"><h3><b>GENERAL INFORMATION<\/b><\/h3>\n<p data-path-to-node=\"3\">This website www.skaping.com\/en\/\u00a0is published by <b>Les cam\u00e9ras Skaping<\/b>.<\/p>\n<p data-path-to-node=\"4\"><b>HEAD OFFICE (CANADA)<\/b> 880, rue Roy Est, Suite 300 Montr\u00e9al (Qu\u00e9bec) H2L 1E6 canada@skaping.com (438) 792-4684<\/p>\n<h3><strong>HOSTING<\/strong><\/h3>\n<p>This website is hosted by OVH. SAS OVH, 2 Rue Kellermann, 59100 Roubaix, France. Tel.: 09 72 10 10 07<\/p>\n<h3><strong>CR\u00c9DITS<\/strong><\/h3>\n<p>Graphic Design: Skaping<\/p>\n<p>Photographs: Skaping<\/p>\n<p>Videos: Skaping<\/p>\n<p>Texts Content: Les Cam\u00e9ras Skaping<\/p>\n<\/div><\/div><div class=\"w-separator size_large\"><\/div><\/div><\/div><\/div><\/div><\/div><\/section><section class=\"l-section wpb_row height_medium color_primary\"><div class=\"l-section-h i-cf\"><div class=\"g-cols vc_row via_flex valign_top type_default stacking_default\"><div class=\"vc_col-sm-12 wpb_column vc_column_container\"><div class=\"vc_column-inner\"><div class=\"wpb_wrapper\"><div class=\"w-actionbox color_primary controls_right\"><div class=\"w-actionbox-text\"><h2 class=\"w-actionbox-title\">More information<\/h2><\/div><div class=\"w-actionbox-controls\"><a class=\"w-btn us-btn-style_6 icon_atleft\" href=\"https:\/\/www.skaping.com\/about\/en\/contact\/\" style=\"font-size:19px;\"><i class=\"material-icons\">email<\/i><span class=\"w-btn-label\">CONTACT-US<\/span><\/a><\/div><\/div><\/div><\/div><\/div><\/div><\/div><\/section>\n","protected":false},"excerpt":{"rendered":"Legal notices GENERAL INFORMATION This website www.skaping.com\/en\/\u00a0is published by Les cam\u00e9ras Skaping. HEAD OFFICE (CANADA) 880, rue Roy Est, Suite 300 Montr\u00e9al (Qu\u00e9bec) H2L 1E6 canada@skaping.com (438) 792-4684 HOSTING This website is hosted by OVH. SAS OVH, 2 Rue Kellermann, 59100 Roubaix, France. Tel.: 09 72 10 10 07 CR\u00c9DITS Graphic Design: Skaping Photographs: Skaping...","protected":false},"author":6,"featured_media":34055,"parent":0,"menu_order":100,"comment_status":"closed","ping_status":"closed","template":"","meta":{"footnotes":""},"class_list":["post-34481","page","type-page","status-publish","has-post-thumbnail","hentry"],"yoast_head":"<!-- This site is optimized with the Yoast SEO plugin v27.1.1 - https:\/\/yoast.com\/product\/yoast-seo-wordpress\/ -->\n<title>Mentions l\u00e9gales - Webcams Skaping<\/title>\n<meta name=\"robots\" content=\"index, follow, max-snippet:-1, max-image-preview:large, max-video-preview:-1\" \/>\n<link rel=\"canonical\" href=\"https:\/\/about.skaping.com\/en\/legal-notices\/\" \/>\n<meta property=\"og:locale\" content=\"en_US\" \/>\n<meta property=\"og:type\" content=\"article\" \/>\n<meta property=\"og:title\" content=\"Mentions l\u00e9gales - Webcams Skaping\" \/>\n<meta property=\"og:url\" content=\"https:\/\/about.skaping.com\/en\/legal-notices\/\" \/>\n<meta property=\"og:site_name\" content=\"Webcams Skaping\" \/>\n<meta property=\"article:publisher\" content=\"https:\/\/www.facebook.com\/skaping.fr\" \/>\n<meta property=\"article:modified_time\" content=\"2025-11-14T09:54:11+00:00\" \/>\n<meta property=\"og:image\" content=\"https:\/\/about.skaping.com\/wp-content\/uploads\/2025\/09\/tourisme-gaspesie-rocher-perce_2025-08-21-11-10-00-WEB.jpg\" \/>\n\t<meta property=\"og:image:width\" content=\"2000\" \/>\n\t<meta property=\"og:image:height\" content=\"1125\" \/>\n\t<meta property=\"og:image:type\" content=\"image\/jpeg\" \/>\n<meta name=\"twitter:card\" content=\"summary_large_image\" \/>\n<meta name=\"twitter:site\" content=\"@skaping_fr\" \/>\n<meta name=\"twitter:label1\" content=\"Est. reading time\" \/>\n\t<meta name=\"twitter:data1\" content=\"1 minute\" \/>\n<script type=\"application\/ld+json\" class=\"yoast-schema-graph\">{\"@context\":\"https:\/\/schema.org\",\"@graph\":[{\"@type\":\"WebPage\",\"@id\":\"https:\/\/about.skaping.com\/en\/legal-notices\/\",\"url\":\"https:\/\/about.skaping.com\/en\/legal-notices\/\",\"name\":\"Mentions l\u00e9gales - Webcams Skaping\",\"isPartOf\":{\"@id\":\"https:\/\/about.skaping.com\/#website\"},\"primaryImageOfPage\":{\"@id\":\"https:\/\/about.skaping.com\/en\/legal-notices\/#primaryimage\"},\"image\":{\"@id\":\"https:\/\/about.skaping.com\/en\/legal-notices\/#primaryimage\"},\"thumbnailUrl\":\"https:\/\/about.skaping.com\/wp-content\/uploads\/2025\/09\/tourisme-gaspesie-rocher-perce_2025-08-21-11-10-00-WEB.jpg\",\"datePublished\":\"2025-11-14T09:19:37+00:00\",\"dateModified\":\"2025-11-14T09:54:11+00:00\",\"breadcrumb\":{\"@id\":\"https:\/\/about.skaping.com\/en\/legal-notices\/#breadcrumb\"},\"inLanguage\":\"en-US\",\"potentialAction\":[{\"@type\":\"ReadAction\",\"target\":[\"https:\/\/about.skaping.com\/en\/legal-notices\/\"]}]},{\"@type\":\"ImageObject\",\"inLanguage\":\"en-US\",\"@id\":\"https:\/\/about.skaping.com\/en\/legal-notices\/#primaryimage\",\"url\":\"https:\/\/about.skaping.com\/wp-content\/uploads\/2025\/09\/tourisme-gaspesie-rocher-perce_2025-08-21-11-10-00-WEB.jpg\",\"contentUrl\":\"https:\/\/about.skaping.com\/wp-content\/uploads\/2025\/09\/tourisme-gaspesie-rocher-perce_2025-08-21-11-10-00-WEB.jpg\",\"width\":2000,\"height\":1125},{\"@type\":\"BreadcrumbList\",\"@id\":\"https:\/\/about.skaping.com\/en\/legal-notices\/#breadcrumb\",\"itemListElement\":[{\"@type\":\"ListItem\",\"position\":1,\"name\":\"Accueil\",\"item\":\"https:\/\/about.skaping.com\/en\/\"},{\"@type\":\"ListItem\",\"position\":2,\"name\":\"Mentions l\u00e9gales\"}]},{\"@type\":\"WebSite\",\"@id\":\"https:\/\/about.skaping.com\/#website\",\"url\":\"https:\/\/about.skaping.com\/\",\"name\":\"Webcams Skaping\",\"description\":\"Nouvelle g\u00e9n\u00e9ration de webcams touristiques\",\"publisher\":{\"@id\":\"https:\/\/about.skaping.com\/#organization\"},\"potentialAction\":[{\"@type\":\"SearchAction\",\"target\":{\"@type\":\"EntryPoint\",\"urlTemplate\":\"https:\/\/about.skaping.com\/?s={search_term_string}\"},\"query-input\":{\"@type\":\"PropertyValueSpecification\",\"valueRequired\":true,\"valueName\":\"search_term_string\"}}],\"inLanguage\":\"en-US\"},{\"@type\":\"Organization\",\"@id\":\"https:\/\/about.skaping.com\/#organization\",\"name\":\"Skaping\",\"url\":\"https:\/\/about.skaping.com\/\",\"logo\":{\"@type\":\"ImageObject\",\"inLanguage\":\"en-US\",\"@id\":\"https:\/\/about.skaping.com\/#\/schema\/logo\/image\/\",\"url\":\"https:\/\/about.skaping.com\/wp-content\/uploads\/2015\/12\/skaping-copie.png\",\"contentUrl\":\"https:\/\/about.skaping.com\/wp-content\/uploads\/2015\/12\/skaping-copie.png\",\"width\":274,\"height\":119,\"caption\":\"Skaping\"},\"image\":{\"@id\":\"https:\/\/about.skaping.com\/#\/schema\/logo\/image\/\"},\"sameAs\":[\"https:\/\/www.facebook.com\/skaping.fr\",\"https:\/\/x.com\/skaping_fr\",\"https:\/\/www.instagram.com\/skaping\/\",\"https:\/\/www.linkedin.com\/company\/skaping\",\"https:\/\/www.youtube.com\/channel\/UClm_tDbly9BKylD1qola0Rg\"]}]}<\/script>\n<!-- \/ Yoast SEO plugin. -->","yoast_head_json":{"title":"Mentions l\u00e9gales - Webcams Skaping","robots":{"index":"index","follow":"follow","max-snippet":"max-snippet:-1","max-image-preview":"max-image-preview:large","max-video-preview":"max-video-preview:-1"},"canonical":"https:\/\/about.skaping.com\/en\/legal-notices\/","og_locale":"en_US","og_type":"article","og_title":"Mentions l\u00e9gales - Webcams Skaping","og_url":"https:\/\/about.skaping.com\/en\/legal-notices\/","og_site_name":"Webcams Skaping","article_publisher":"https:\/\/www.facebook.com\/skaping.fr","article_modified_time":"2025-11-14T09:54:11+00:00","og_image":[{"width":2000,"height":1125,"url":"https:\/\/about.skaping.com\/wp-content\/uploads\/2025\/09\/tourisme-gaspesie-rocher-perce_2025-08-21-11-10-00-WEB.jpg","type":"image\/jpeg"}],"twitter_card":"summary_large_image","twitter_site":"@skaping_fr","twitter_misc":{"Est. reading time":"1 minute"},"schema":{"@context":"https:\/\/schema.org","@graph":[{"@type":"WebPage","@id":"https:\/\/about.skaping.com\/en\/legal-notices\/","url":"https:\/\/about.skaping.com\/en\/legal-notices\/","name":"Mentions l\u00e9gales - Webcams Skaping","isPartOf":{"@id":"https:\/\/about.skaping.com\/#website"},"primaryImageOfPage":{"@id":"https:\/\/about.skaping.com\/en\/legal-notices\/#primaryimage"},"image":{"@id":"https:\/\/about.skaping.com\/en\/legal-notices\/#primaryimage"},"thumbnailUrl":"https:\/\/about.skaping.com\/wp-content\/uploads\/2025\/09\/tourisme-gaspesie-rocher-perce_2025-08-21-11-10-00-WEB.jpg","datePublished":"2025-11-14T09:19:37+00:00","dateModified":"2025-11-14T09:54:11+00:00","breadcrumb":{"@id":"https:\/\/about.skaping.com\/en\/legal-notices\/#breadcrumb"},"inLanguage":"en-US","potentialAction":[{"@type":"ReadAction","target":["https:\/\/about.skaping.com\/en\/legal-notices\/"]}]},{"@type":"ImageObject","inLanguage":"en-US","@id":"https:\/\/about.skaping.com\/en\/legal-notices\/#primaryimage","url":"https:\/\/about.skaping.com\/wp-content\/uploads\/2025\/09\/tourisme-gaspesie-rocher-perce_2025-08-21-11-10-00-WEB.jpg","contentUrl":"https:\/\/about.skaping.com\/wp-content\/uploads\/2025\/09\/tourisme-gaspesie-rocher-perce_2025-08-21-11-10-00-WEB.jpg","width":2000,"height":1125},{"@type":"BreadcrumbList","@id":"https:\/\/about.skaping.com\/en\/legal-notices\/#breadcrumb","itemListElement":[{"@type":"ListItem","position":1,"name":"Accueil","item":"https:\/\/about.skaping.com\/en\/"},{"@type":"ListItem","position":2,"name":"Mentions l\u00e9gales"}]},{"@type":"WebSite","@id":"https:\/\/about.skaping.com\/#website","url":"https:\/\/about.skaping.com\/","name":"Webcams Skaping","description":"Nouvelle g\u00e9n\u00e9ration de webcams touristiques","publisher":{"@id":"https:\/\/about.skaping.com\/#organization"},"potentialAction":[{"@type":"SearchAction","target":{"@type":"EntryPoint","urlTemplate":"https:\/\/about.skaping.com\/?s={search_term_string}"},"query-input":{"@type":"PropertyValueSpecification","valueRequired":true,"valueName":"search_term_string"}}],"inLanguage":"en-US"},{"@type":"Organization","@id":"https:\/\/about.skaping.com\/#organization","name":"Skaping","url":"https:\/\/about.skaping.com\/","logo":{"@type":"ImageObject","inLanguage":"en-US","@id":"https:\/\/about.skaping.com\/#\/schema\/logo\/image\/","url":"https:\/\/about.skaping.com\/wp-content\/uploads\/2015\/12\/skaping-copie.png","contentUrl":"https:\/\/about.skaping.com\/wp-content\/uploads\/2015\/12\/skaping-copie.png","width":274,"height":119,"caption":"Skaping"},"image":{"@id":"https:\/\/about.skaping.com\/#\/schema\/logo\/image\/"},"sameAs":["https:\/\/www.facebook.com\/skaping.fr","https:\/\/x.com\/skaping_fr","https:\/\/www.instagram.com\/skaping\/","https:\/\/www.linkedin.com\/company\/skaping","https:\/\/www.youtube.com\/channel\/UClm_tDbly9BKylD1qola0Rg"]}]}},"_links":{"self":[{"href":"https:\/\/about.skaping.com\/en\/wp-json\/wp\/v2\/pages\/34481","targetHints":{"allow":["GET"]}}],"collection":[{"href":"https:\/\/about.skaping.com\/en\/wp-json\/wp\/v2\/pages"}],"about":[{"href":"https:\/\/about.skaping.com\/en\/wp-json\/wp\/v2\/types\/page"}],"author":[{"embeddable":true,"href":"https:\/\/about.skaping.com\/en\/wp-json\/wp\/v2\/users\/6"}],"replies":[{"embeddable":true,"href":"https:\/\/about.skaping.com\/en\/wp-json\/wp\/v2\/comments?post=34481"}],"version-history":[{"count":8,"href":"https:\/\/about.skaping.com\/en\/wp-json\/wp\/v2\/pages\/34481\/revisions"}],"predecessor-version":[{"id":34501,"href":"https:\/\/about.skaping.com\/en\/wp-json\/wp\/v2\/pages\/34481\/revisions\/34501"}],"wp:featuredmedia":[{"embeddable":true,"href":"https:\/\/about.skaping.com\/en\/wp-json\/wp\/v2\/media\/34055"}],"wp:attachment":[{"href":"https:\/\/about.skaping.com\/en\/wp-json\/wp\/v2\/media?parent=34481"}],"curies":[{"name":"wp","href":"https:\/\/api.w.org\/{rel}","templated":true}]}}